{"id":43,"date":"2022-07-07T23:26:23","date_gmt":"2022-07-07T23:26:23","guid":{"rendered":"https:\/\/solsalvatierra.com\/?page_id=43"},"modified":"2025-03-26T17:12:10","modified_gmt":"2025-03-26T17:12:10","slug":"porque","status":"publish","type":"page","link":"https:\/\/solsalvatierra.com\/index.php\/porque\/","title":{"rendered":"WHO &#038; WHY"},"content":{"rendered":"<p>[et_pb_section fb_built=\u00bb1&#8243; _builder_version=\u00bb4.16&#8243; _module_preset=\u00bbdefault\u00bb background_image=\u00bbhttps:\/\/solsalvatierra.com\/wp-content\/uploads\/2022\/08\/Imagen-banner-hilo-rojo.png\u00bb background_size=\u00bbcontain\u00bb custom_padding=\u00bb45px||23px|||\u00bb global_colors_info=\u00bb{}\u00bb][et_pb_row _builder_version=\u00bb4.16&#8243; _module_preset=\u00bbdefault\u00bb background_enable_image=\u00bboff\u00bb background_size=\u00bbcontain\u00bb custom_margin=\u00bb-39px|auto||auto||\u00bb custom_padding=\u00bb||6px|||\u00bb global_colors_info=\u00bb{}\u00bb][et_pb_column type=\u00bb4_4&#8243; _builder_version=\u00bb4.16&#8243; _module_preset=\u00bbdefault\u00bb global_colors_info=\u00bb{}\u00bb][et_pb_text _builder_version=\u00bb4.16&#8243; _module_preset=\u00bbdefault\u00bb text_font=\u00bbSatisfy|700|||||||\u00bb text_text_color=\u00bb#e58686&#8243; text_font_size=\u00bb60px\u00bb text_line_height=\u00bb1.3em\u00bb text_font_size_tablet=\u00bb40px\u00bb text_font_size_phone=\u00bb35px\u00bb text_font_size_last_edited=\u00bbon|phone\u00bb global_colors_info=\u00bb{}\u00bb]<\/p>\n<p><span style=\"color: #000000;\">\u00a0Who &amp; Why , quien y por qu\u00e9<\/span><\/p>\n<p>[\/et_pb_text][\/et_pb_column][\/et_pb_row][et_pb_row column_structure=\u00bb1_2,1_2&#8243; _builder_version=\u00bb4.16&#8243; _module_preset=\u00bbdefault\u00bb background_enable_image=\u00bboff\u00bb background_size=\u00bbcontain\u00bb min_height=\u00bb366px\u00bb custom_margin=\u00bb4px|auto||auto||\u00bb custom_padding=\u00bb31px||6px|||\u00bb global_colors_info=\u00bb{}\u00bb][et_pb_column type=\u00bb1_2&#8243; _builder_version=\u00bb4.16&#8243; _module_preset=\u00bbdefault\u00bb global_colors_info=\u00bb{}\u00bb][et_pb_text _builder_version=\u00bb4.16&#8243; _module_preset=\u00bbdefault\u00bb text_font=\u00bbMontserrat||||||||\u00bb text_text_color=\u00bb#245430&#8243; text_font_size=\u00bb20px\u00bb hover_enabled=\u00bb0&#8243; text_font_size_tablet=\u00bb18px\u00bb text_font_size_phone=\u00bb16px\u00bb text_font_size_last_edited=\u00bbon|phone\u00bb global_colors_info=\u00bb{}\u00bb sticky_enabled=\u00bb0&#8243;]<\/p>\n<p style=\"text-align: left;\">Encontrar compa\u00f1eros de primaria 40 a\u00f1os despu\u00e9s y que se acuerden de tus dibujos, tiene que significar algo.<\/p>\n<p>Si Dios decide poner en tus manos un don o un talento, guardarlo en un caj\u00f3n y dejarlo morir en el olvido, me parece afear y despreciar un regalo muy especial.<\/p>\n<p>Soy <strong>Sol Salvatierra<\/strong> ( Abril 1973, M\u00e1laga) artista autodidacta que siente, como nunca imagin\u00f3, la responsabilidad de compartirlo.<\/p>\n<p>[\/et_pb_text][\/et_pb_column][et_pb_column type=\u00bb1_2&#8243; _builder_version=\u00bb4.16&#8243; _module_preset=\u00bbdefault\u00bb global_colors_info=\u00bb{}\u00bb][et_pb_text _builder_version=\u00bb4.27.4&#8243; _module_preset=\u00bbdefault\u00bb text_font=\u00bbMontserrat||||||||\u00bb text_text_color=\u00bb#245430&#8243; text_font_size=\u00bb20px\u00bb hover_enabled=\u00bb0&#8243; text_font_size_tablet=\u00bb18px\u00bb text_font_size_phone=\u00bb16px\u00bb text_font_size_last_edited=\u00bbon|phone\u00bb global_colors_info=\u00bb{}\u00bb sticky_enabled=\u00bb0&#8243;]<\/p>\n<p>Ten\u00eda 6 a\u00f1os, cuando los Reyes Magos me trajeron unas casta\u00f1uelas y tambi\u00e9n 5 \u00f3leos con una peque\u00f1ita paleta y un lienzo que todav\u00eda conservo. Prendi\u00f3 la chispa.<\/p>\n<p>Mis dedos segu\u00edan y atrapaban el ritmo toscamente, pero se mov\u00edan seguros con el pincel, tomando cantidades intuitivas de aquellos pegotes de pintura, con las que, como por arte de magia, surg\u00edan los colores que quer\u00eda.<\/p>\n<p>Fue como la leyenda del hilo rojo.<\/p>\n<p>[\/et_pb_text][\/et_pb_column][\/et_pb_row][\/et_pb_section][et_pb_section fb_built=\u00bb1&#8243; _builder_version=\u00bb4.16&#8243; _module_preset=\u00bbdefault\u00bb background_color=\u00bb#e58686&#8243; background_enable_image=\u00bboff\u00bb background_size=\u00bbcontain\u00bb background_position=\u00bbtop_center\u00bb custom_padding=\u00bb0px||32px|||\u00bb hover_enabled=\u00bb0&#8243; background_last_edited=\u00bbon|phone\u00bb global_colors_info=\u00bb{}\u00bb sticky_enabled=\u00bb0&#8243;][et_pb_row _builder_version=\u00bb4.16&#8243; _module_preset=\u00bbdefault\u00bb min_height=\u00bb61px\u00bb custom_margin=\u00bb-1px|auto||auto||\u00bb custom_padding=\u00bb71px||23px|||\u00bb global_colors_info=\u00bb{}\u00bb][et_pb_column type=\u00bb4_4&#8243; _builder_version=\u00bb4.16&#8243; _module_preset=\u00bbdefault\u00bb global_colors_info=\u00bb{}\u00bb][et_pb_text _builder_version=\u00bb4.16&#8243; _module_preset=\u00bbdefault\u00bb text_font=\u00bbSatisfy||||||||\u00bb text_text_color=\u00bb#ffffff\u00bb text_font_size=\u00bb30px\u00bb text_line_height=\u00bb1.1em\u00bb min_height=\u00bb100px\u00bb custom_margin=\u00bb-34px|||||\u00bb custom_padding=\u00bb0px||0px|||\u00bb text_font_size_tablet=\u00bb25px\u00bb text_font_size_phone=\u00bb20px\u00bb text_font_size_last_edited=\u00bbon|phone\u00bb global_colors_info=\u00bb{}\u00bb]<\/p>\n<p>La leyenda afirma que aquellos que est\u00e9n unidos por el hilo rojo est\u00e1n destinados a convertirse en almas gemelas, y vivir\u00e1n una historia importante sin importar cu\u00e1nto tiempo pase o las circunstancias que se encuentren en la vida. El hilo rojo puede enredarse, estirarse, tensarse o desgastarse\u2026 pero nunca romperse.<\/p>\n<p>[\/et_pb_text][\/et_pb_column][\/et_pb_row][\/et_pb_section][et_pb_section fb_built=\u00bb1&#8243; _builder_version=\u00bb4.16&#8243; _module_preset=\u00bbdefault\u00bb background_enable_color=\u00bboff\u00bb background_enable_image=\u00bboff\u00bb background_size=\u00bbcontain\u00bb background_position=\u00bbtop_center\u00bb custom_padding=\u00bb0px||27px|||\u00bb background_last_edited=\u00bbon|phone\u00bb global_colors_info=\u00bb{}\u00bb][et_pb_row _builder_version=\u00bb4.16&#8243; _module_preset=\u00bbdefault\u00bb custom_margin=\u00bb-18px|auto||auto||\u00bb global_colors_info=\u00bb{}\u00bb][et_pb_column type=\u00bb4_4&#8243; _builder_version=\u00bb4.16&#8243; _module_preset=\u00bbdefault\u00bb global_colors_info=\u00bb{}\u00bb][et_pb_text _builder_version=\u00bb4.16&#8243; _module_preset=\u00bbdefault\u00bb text_font=\u00bbMontserrat||||||||\u00bb text_text_color=\u00bb#245430&#8243; text_font_size=\u00bb25px\u00bb text_line_height=\u00bb1.2em\u00bb custom_padding=\u00bb15px|||||\u00bb hover_enabled=\u00bb0&#8243; text_font_size_tablet=\u00bb20px\u00bb text_font_size_phone=\u00bb16px\u00bb text_font_size_last_edited=\u00bbon|phone\u00bb global_colors_info=\u00bb{}\u00bb sticky_enabled=\u00bb0&#8243;]<\/p>\n<p><span>Con mis obras quiero transmitir la energ\u00eda, el impacto emocional y la confrontaci\u00f3n cognitiva ante el color, los materiales, los trazos y la luz.<\/span><\/p>\n<p><span>Mi curiosidad y la necesidad de expresarme y comunicarme, me tienen inmersa en una etapa ecl\u00e9ctica, diversa de experimentaci\u00f3n e investigaci\u00f3n, donde tiene cabida tanto la abstracci\u00f3n, como lo figurativo y realista. <\/span><\/p>\n<p><span>Quiero que el espectador sienta la necesidad de detenerse e incitarlo a sumergirse en la obra. Que escarbe con la mirada, igual que con los pies en la arena de la playa en una b\u00fasqueda incierta, tan placentera como inevitable.\u00a0<\/span><\/p>\n<p>[\/et_pb_text][\/et_pb_column][\/et_pb_row][\/et_pb_section][et_pb_section fb_built=\u00bb1&#8243; _builder_version=\u00bb4.16&#8243; _module_preset=\u00bbdefault\u00bb background_enable_image=\u00bboff\u00bb background_size=\u00bbcontain\u00bb background_position=\u00bbtop_center\u00bb custom_padding=\u00bb0px|||||\u00bb background_last_edited=\u00bbon|phone\u00bb global_colors_info=\u00bb{}\u00bb][et_pb_row _builder_version=\u00bb4.16&#8243; _module_preset=\u00bbdefault\u00bb custom_padding=\u00bb0px||0px|||\u00bb global_colors_info=\u00bb{}\u00bb][et_pb_column type=\u00bb4_4&#8243; _builder_version=\u00bb4.16&#8243; _module_preset=\u00bbdefault\u00bb global_colors_info=\u00bb{}\u00bb][et_pb_social_media_follow _builder_version=\u00bb4.16&#8243; _module_preset=\u00bbdefault\u00bb text_orientation=\u00bbcenter\u00bb custom_padding=\u00bb0px|||||\u00bb text_orientation_tablet=\u00bbcenter\u00bb text_orientation_phone=\u00bbcenter\u00bb text_orientation_last_edited=\u00bbon|phone\u00bb global_colors_info=\u00bb{}\u00bb][et_pb_social_media_follow_network social_network=\u00bbinstagram\u00bb _builder_version=\u00bb4.16&#8243; _module_preset=\u00bbdefault\u00bb background_color=\u00bb#ea2c59&#8243; global_colors_info=\u00bb{}\u00bb follow_button=\u00bboff\u00bb url_new_window=\u00bbon\u00bb]instagram[\/et_pb_social_media_follow_network][et_pb_social_media_follow_network social_network=\u00bbfacebook\u00bb _builder_version=\u00bb4.16&#8243; _module_preset=\u00bbdefault\u00bb background_color=\u00bb#3b5998&#8243; global_colors_info=\u00bb{}\u00bb follow_button=\u00bboff\u00bb url_new_window=\u00bbon\u00bb]facebook[\/et_pb_social_media_follow_network][\/et_pb_social_media_follow][\/et_pb_column][\/et_pb_row][\/et_pb_section]<\/p>\n","protected":false},"excerpt":{"rendered":"<p>\u00a0Who &amp; Why , quien y por qu\u00e9Encontrar compa\u00f1eros de primaria 40 a\u00f1os despu\u00e9s y que se acuerden de tus dibujos, tiene que significar algo. Si Dios decide poner en tus manos un don o un talento, guardarlo en un caj\u00f3n y dejarlo morir en el olvido, me parece afear y despreciar un regalo muy [&hellip;]<\/p>\n","protected":false},"author":1,"featured_media":0,"parent":0,"menu_order":0,"comment_status":"closed","ping_status":"closed","template":"","meta":{"_et_pb_use_builder":"on","_et_pb_old_content":"","_et_gb_content_width":"","footnotes":""},"class_list":["post-43","page","type-page","status-publish","hentry"],"_links":{"self":[{"href":"https:\/\/solsalvatierra.com\/index.php\/wp-json\/wp\/v2\/pages\/43","targetHints":{"allow":["GET"]}}],"collection":[{"href":"https:\/\/solsalvatierra.com\/index.php\/wp-json\/wp\/v2\/pages"}],"about":[{"href":"https:\/\/solsalvatierra.com\/index.php\/wp-json\/wp\/v2\/types\/page"}],"author":[{"embeddable":true,"href":"https:\/\/solsalvatierra.com\/index.php\/wp-json\/wp\/v2\/users\/1"}],"replies":[{"embeddable":true,"href":"https:\/\/solsalvatierra.com\/index.php\/wp-json\/wp\/v2\/comments?post=43"}],"version-history":[{"count":29,"href":"https:\/\/solsalvatierra.com\/index.php\/wp-json\/wp\/v2\/pages\/43\/revisions"}],"predecessor-version":[{"id":292,"href":"https:\/\/solsalvatierra.com\/index.php\/wp-json\/wp\/v2\/pages\/43\/revisions\/292"}],"wp:attachment":[{"href":"https:\/\/solsalvatierra.com\/index.php\/wp-json\/wp\/v2\/media?parent=43"}],"curies":[{"name":"wp","href":"https:\/\/api.w.org\/{rel}","templated":true}]}}