{"id":41,"date":"2022-07-07T23:26:39","date_gmt":"2022-07-07T23:26:39","guid":{"rendered":"https:\/\/solsalvatierra.com\/?page_id=41"},"modified":"2024-01-15T11:43:08","modified_gmt":"2024-01-15T11:43:08","slug":"off-line","status":"publish","type":"page","link":"https:\/\/solsalvatierra.com\/index.php\/off-line\/","title":{"rendered":"STEP by STEP"},"content":{"rendered":"<p>[et_pb_section fb_built=\u00bb1&#8243; _builder_version=\u00bb4.16&#8243; _module_preset=\u00bbdefault\u00bb background_enable_image=\u00bboff\u00bb background_size=\u00bbcontain\u00bb custom_padding=\u00bb70px||0px|||\u00bb global_colors_info=\u00bb{}\u00bb][et_pb_row _builder_version=\u00bb4.16&#8243; _module_preset=\u00bbdefault\u00bb background_enable_image=\u00bboff\u00bb background_size=\u00bbcontain\u00bb custom_margin=\u00bb-39px|auto||auto||\u00bb custom_padding=\u00bb||6px|||\u00bb global_colors_info=\u00bb{}\u00bb][et_pb_column type=\u00bb4_4&#8243; _builder_version=\u00bb4.16&#8243; _module_preset=\u00bbdefault\u00bb global_colors_info=\u00bb{}\u00bb][et_pb_text _builder_version=\u00bb4.16&#8243; _module_preset=\u00bbdefault\u00bb text_font=\u00bbSatisfy|700|||||||\u00bb text_text_color=\u00bb#e58686&#8243; text_font_size=\u00bb60px\u00bb text_line_height=\u00bb1.3em\u00bb custom_padding=\u00bb0px|||||\u00bb text_font_size_tablet=\u00bb40px\u00bb text_font_size_phone=\u00bb35px\u00bb text_font_size_last_edited=\u00bbon|phone\u00bb global_colors_info=\u00bb{}\u00bb]<\/p>\n<p><span style=\"color: #000000;\">Step by Step , paso a paso<\/span><\/p>\n<p>[\/et_pb_text][\/et_pb_column][\/et_pb_row][et_pb_row _builder_version=\u00bb4.16&#8243; _module_preset=\u00bbdefault\u00bb background_enable_image=\u00bboff\u00bb background_size=\u00bbcontain\u00bb min_height=\u00bb28px\u00bb custom_margin=\u00bb-146px|auto|-9px|auto||\u00bb custom_padding=\u00bb30px||0px|||\u00bb global_colors_info=\u00bb{}\u00bb][et_pb_column type=\u00bb4_4&#8243; _builder_version=\u00bb4.16&#8243; _module_preset=\u00bbdefault\u00bb global_colors_info=\u00bb{}\u00bb][et_pb_divider color=\u00bb#e58686&#8243; divider_style=\u00bbdotted\u00bb divider_weight=\u00bb3px\u00bb _builder_version=\u00bb4.16&#8243; _module_preset=\u00bbdefault\u00bb custom_margin=\u00bb36px||0px|||\u00bb custom_padding=\u00bb13px||0px|||\u00bb global_colors_info=\u00bb{}\u00bb][\/et_pb_divider][et_pb_text _builder_version=\u00bb4.16&#8243; _module_preset=\u00bbdefault\u00bb text_font=\u00bbMontserrat|600|||||||\u00bb header_font=\u00bbMontserrat|900|||||||\u00bb header_font_size=\u00bb50px\u00bb min_height=\u00bb9px\u00bb custom_margin=\u00bb-14px||-16px|||\u00bb custom_padding=\u00bb51px||0px|||\u00bb global_colors_info=\u00bb{}\u00bb]<\/p>\n<h1><span style=\"color: #000000;\">2022<\/span><\/h1>\n<p>[\/et_pb_text][\/et_pb_column][\/et_pb_row][et_pb_row column_structure=\u00bb2_3,1_3&#8243; _builder_version=\u00bb4.16&#8243; _module_preset=\u00bbdefault\u00bb background_enable_image=\u00bboff\u00bb background_size=\u00bbcontain\u00bb min_height=\u00bb391px\u00bb custom_margin=\u00bb4px|auto||auto||\u00bb custom_padding=\u00bb0px||75px|||\u00bb global_colors_info=\u00bb{}\u00bb][et_pb_column type=\u00bb2_3&#8243; _builder_version=\u00bb4.16&#8243; _module_preset=\u00bbdefault\u00bb global_colors_info=\u00bb{}\u00bb][et_pb_text _builder_version=\u00bb4.16&#8243; _module_preset=\u00bbdefault\u00bb text_font=\u00bbMontserrat||||||||\u00bb text_text_color=\u00bb#245430&#8243; text_font_size=\u00bb20px\u00bb text_line_height=\u00bb1.4em\u00bb min_height=\u00bb113px\u00bb custom_margin=\u00bb3px||4px|||\u00bb custom_padding=\u00bb27px||0px|1px||\u00bb text_font_size_tablet=\u00bb18px\u00bb text_font_size_phone=\u00bb16px\u00bb text_font_size_last_edited=\u00bbon|phone\u00bb global_colors_info=\u00bb{}\u00bb]<\/p>\n<h2 style=\"text-align: left;\"><span style=\"color: #000000;\"><strong>Certificado de reconocimiento a la participaci\u00f3n y esfuerzo en Luxembourg Art Prize.\u00a0<\/strong><\/span><\/h2>\n<p><strong><\/strong><\/p>\n<p>Comenzar el a\u00f1o con el certificado de M\u00e9rito Art\u00edstico de <span>La Pinacoth\u00e8que, es una inyecci\u00f3n muy importante de motivaci\u00f3n para continuar el camino<\/span><\/p>\n<p style=\"text-align: left;\">[\/et_pb_text][\/et_pb_column][et_pb_column type=\u00bb1_3&#8243; _builder_version=\u00bb4.16&#8243; _module_preset=\u00bbdefault\u00bb global_colors_info=\u00bb{}\u00bb][et_pb_image src=\u00bbhttps:\/\/solsalvatierra.com\/wp-content\/uploads\/2022\/08\/WhatsApp-Image-2022-08-04-at-5.53.51-PM-6.jpeg\u00bb title_text=\u00bbWhatsApp Image 2022-08-04 at 5.53.51 PM (6)\u00bb _builder_version=\u00bb4.16&#8243; _module_preset=\u00bbdefault\u00bb global_colors_info=\u00bb{}\u00bb][\/et_pb_image][\/et_pb_column][\/et_pb_row][et_pb_row _builder_version=\u00bb4.16&#8243; _module_preset=\u00bbdefault\u00bb background_enable_image=\u00bboff\u00bb background_size=\u00bbcontain\u00bb min_height=\u00bb28px\u00bb custom_margin=\u00bb-78px|auto|-9px|auto||\u00bb custom_padding=\u00bb30px||0px|||\u00bb global_colors_info=\u00bb{}\u00bb][et_pb_column type=\u00bb4_4&#8243; _builder_version=\u00bb4.16&#8243; _module_preset=\u00bbdefault\u00bb global_colors_info=\u00bb{}\u00bb][et_pb_divider color=\u00bb#e58686&#8243; divider_style=\u00bbdotted\u00bb divider_weight=\u00bb3px\u00bb _builder_version=\u00bb4.16&#8243; _module_preset=\u00bbdefault\u00bb custom_margin=\u00bb-39px||0px|||\u00bb custom_padding=\u00bb18px||0px|||\u00bb global_colors_info=\u00bb{}\u00bb][\/et_pb_divider][et_pb_text _builder_version=\u00bb4.16&#8243; _module_preset=\u00bbdefault\u00bb text_font=\u00bbMontserrat|600|||||||\u00bb header_font=\u00bbMontserrat|900|||||||\u00bb header_font_size=\u00bb50px\u00bb min_height=\u00bb0px\u00bb custom_padding=\u00bb0px||0px|||\u00bb global_colors_info=\u00bb{}\u00bb]<\/p>\n<h1><span style=\"color: #000000;\">2021<\/span><\/h1>\n<p>[\/et_pb_text][\/et_pb_column][\/et_pb_row][et_pb_row column_structure=\u00bb1_4,1_2,1_4&#8243; _builder_version=\u00bb4.16&#8243; _module_preset=\u00bbdefault\u00bb background_enable_image=\u00bboff\u00bb background_size=\u00bbcontain\u00bb min_height=\u00bb366px\u00bb custom_margin=\u00bb4px|auto|-43px|auto||\u00bb custom_padding=\u00bb22px||0px|||\u00bb global_colors_info=\u00bb{}\u00bb][et_pb_column type=\u00bb1_4&#8243; _builder_version=\u00bb4.16&#8243; _module_preset=\u00bbdefault\u00bb global_colors_info=\u00bb{}\u00bb][et_pb_image src=\u00bbhttps:\/\/solsalvatierra.com\/wp-content\/uploads\/2022\/08\/LuxemBurgo-Art-Price.jpeg\u00bb title_text=\u00bbLuxemBurgo Art Price\u00bb _builder_version=\u00bb4.16&#8243; _module_preset=\u00bbdefault\u00bb global_colors_info=\u00bb{}\u00bb][\/et_pb_image][\/et_pb_column][et_pb_column type=\u00bb1_2&#8243; _builder_version=\u00bb4.16&#8243; _module_preset=\u00bbdefault\u00bb global_colors_info=\u00bb{}\u00bb][et_pb_text _builder_version=\u00bb4.16&#8243; _module_preset=\u00bbdefault\u00bb text_font=\u00bbMontserrat||||||||\u00bb text_text_color=\u00bb#245430&#8243; text_font_size=\u00bb20px\u00bb text_line_height=\u00bb1.4em\u00bb min_height=\u00bb113px\u00bb custom_margin=\u00bb9px|19px|64px|-32px||\u00bb custom_padding=\u00bb2px||0px|1px||\u00bb text_font_size_tablet=\u00bb18px\u00bb text_font_size_phone=\u00bb16px\u00bb text_font_size_last_edited=\u00bbon|phone\u00bb global_colors_info=\u00bb{}\u00bb]<\/p>\n<h2 style=\"text-align: left;\"><strong><span style=\"color: #000000;\">Luxembourg Art Prize<\/span>\u00a0<\/strong><\/h2>\n<p><strong><\/strong><\/p>\n<p>Presento dos obras al Luxembourg Art Prize 2021<span> (premio art\u00edstico internacional y anual, organizado por La Pinacoth\u00e8que).<\/span><\/p>\n<p><span><em>\u00abOld Wounded Heart\u00bb ( Viejo Coraz\u00f3n Herido)<\/em><\/span><\/p>\n<p><span> <em>\u00abAlegr\u00eda de vivir\u00bb de la serie Viejas y Nuevas Generaciones\u00a0 y <\/em><\/span><\/p>\n<p>&nbsp;<\/p>\n<p style=\"text-align: left;\">[\/et_pb_text][\/et_pb_column][et_pb_column type=\u00bb1_4&#8243; _builder_version=\u00bb4.16&#8243; _module_preset=\u00bbdefault\u00bb global_colors_info=\u00bb{}\u00bb][et_pb_image src=\u00bbhttps:\/\/solsalvatierra.com\/wp-content\/uploads\/2022\/08\/viejo-corazon-herido-1080.jpeg\u00bb title_text=\u00bbviejo coraz\u00f3n herido 1080&#8243; _builder_version=\u00bb4.16&#8243; _module_preset=\u00bbdefault\u00bb width=\u00bb98.9%\u00bb min_height=\u00bb219.8px\u00bb custom_margin=\u00bb-1px|41px|-50px|1px||\u00bb custom_padding=\u00bb3px|0px|0px|0px||\u00bb global_colors_info=\u00bb{}\u00bb][\/et_pb_image][et_pb_text _builder_version=\u00bb4.16&#8243; _module_preset=\u00bbdefault\u00bb text_font=\u00bbMontserrat||||||||\u00bb text_text_color=\u00bb#245430&#8243; text_font_size=\u00bb20px\u00bb text_line_height=\u00bb1.4em\u00bb min_height=\u00bb24px\u00bb custom_margin=\u00bb-121px|||||\u00bb custom_padding=\u00bb13px||0px|||\u00bb text_font_size_tablet=\u00bb18px\u00bb text_font_size_phone=\u00bb16px\u00bb text_font_size_last_edited=\u00bbon|phone\u00bb global_colors_info=\u00bb{}\u00bb]<\/p>\n<p style=\"text-align: left;\">\n<p style=\"text-align: left;\">\n<p>[\/et_pb_text][et_pb_image src=\u00bbhttps:\/\/solsalvatierra.com\/wp-content\/uploads\/2022\/08\/Alegria-de-vivir.jpeg\u00bb title_text=\u00bbAlegr\u00eda de vivir\u00bb _builder_version=\u00bb4.16&#8243; _module_preset=\u00bbdefault\u00bb custom_margin=\u00bb97px||67px|||\u00bb custom_padding=\u00bb20px|||||\u00bb global_colors_info=\u00bb{}\u00bb][\/et_pb_image][\/et_pb_column][\/et_pb_row][et_pb_row _builder_version=\u00bb4.16&#8243; _module_preset=\u00bbdefault\u00bb background_enable_image=\u00bboff\u00bb background_size=\u00bbcontain\u00bb min_height=\u00bb50px\u00bb custom_margin=\u00bb-3px|auto|-9px|auto||\u00bb custom_padding=\u00bb30px||0px|||\u00bb global_colors_info=\u00bb{}\u00bb][et_pb_column type=\u00bb4_4&#8243; _builder_version=\u00bb4.16&#8243; _module_preset=\u00bbdefault\u00bb global_colors_info=\u00bb{}\u00bb][et_pb_divider color=\u00bb#e58686&#8243; divider_style=\u00bbdotted\u00bb divider_weight=\u00bb3px\u00bb _builder_version=\u00bb4.16&#8243; _module_preset=\u00bbdefault\u00bb custom_margin=\u00bb-9px||0px|||\u00bb custom_padding=\u00bb16px||0px|||\u00bb global_colors_info=\u00bb{}\u00bb][\/et_pb_divider][et_pb_text _builder_version=\u00bb4.16&#8243; _module_preset=\u00bbdefault\u00bb text_font=\u00bbMontserrat|600|||||||\u00bb header_font=\u00bbMontserrat|900|||||||\u00bb header_font_size=\u00bb50px\u00bb min_height=\u00bb0px\u00bb custom_padding=\u00bb22px||0px|||\u00bb global_colors_info=\u00bb{}\u00bb]<\/p>\n<h1><span style=\"color: #000000;\">2021<\/span><\/h1>\n<p>[\/et_pb_text][\/et_pb_column][\/et_pb_row][et_pb_row column_structure=\u00bb2_3,1_3&#8243; _builder_version=\u00bb4.16&#8243; _module_preset=\u00bbdefault\u00bb background_enable_image=\u00bboff\u00bb background_size=\u00bbcontain\u00bb min_height=\u00bb277px\u00bb custom_margin=\u00bb4px|auto||auto||\u00bb custom_padding=\u00bb0px||0px|||\u00bb global_colors_info=\u00bb{}\u00bb][et_pb_column type=\u00bb2_3&#8243; _builder_version=\u00bb4.16&#8243; _module_preset=\u00bbdefault\u00bb global_colors_info=\u00bb{}\u00bb][et_pb_text _builder_version=\u00bb4.16&#8243; _module_preset=\u00bbdefault\u00bb text_font=\u00bbMontserrat||||||||\u00bb text_text_color=\u00bb#245430&#8243; text_font_size=\u00bb20px\u00bb text_line_height=\u00bb1.4em\u00bb min_height=\u00bb113px\u00bb custom_margin=\u00bb3px||64px|||\u00bb custom_padding=\u00bb21px||0px|1px||\u00bb text_font_size_tablet=\u00bb18px\u00bb text_font_size_phone=\u00bb16px\u00bb text_font_size_last_edited=\u00bbon|phone\u00bb global_colors_info=\u00bb{}\u00bb]<\/p>\n<h2 style=\"text-align: left;\"><span style=\"color: #000000;\"><strong>I Festival Arte Alberto Greco\u00a0 (Piedralaves)<\/strong><\/span><\/h2>\n<p><strong><\/strong><\/p>\n<p>Presento \u00abResurrection\u00bb y es seleccionada para la exposici\u00f3n Colectiva del I Festival de Arte Alberto Greco.<\/p>\n<p style=\"text-align: left;\">\n<p>[\/et_pb_text][\/et_pb_column][et_pb_column type=\u00bb1_3&#8243; _builder_version=\u00bb4.16&#8243; _module_preset=\u00bbdefault\u00bb global_colors_info=\u00bb{}\u00bb][et_pb_image src=\u00bbhttps:\/\/solsalvatierra.com\/wp-content\/uploads\/2022\/08\/resurrection-cartelillo.jpg\u00bb title_text=\u00bbresurrection cartelillo\u00bb _builder_version=\u00bb4.16&#8243; _module_preset=\u00bbdefault\u00bb global_colors_info=\u00bb{}\u00bb][\/et_pb_image][\/et_pb_column][\/et_pb_row][et_pb_row _builder_version=\u00bb4.16&#8243; _module_preset=\u00bbdefault\u00bb background_enable_image=\u00bboff\u00bb background_size=\u00bbcontain\u00bb min_height=\u00bb50px\u00bb custom_margin=\u00bb12px|auto|-9px|auto||\u00bb custom_padding=\u00bb30px||0px|||\u00bb global_colors_info=\u00bb{}\u00bb][et_pb_column type=\u00bb4_4&#8243; _builder_version=\u00bb4.16&#8243; _module_preset=\u00bbdefault\u00bb global_colors_info=\u00bb{}\u00bb][et_pb_divider color=\u00bb#e58686&#8243; divider_style=\u00bbdotted\u00bb divider_weight=\u00bb3px\u00bb _builder_version=\u00bb4.16&#8243; _module_preset=\u00bbdefault\u00bb custom_margin=\u00bb-2px||0px|||\u00bb custom_padding=\u00bb3px||0px|||\u00bb global_colors_info=\u00bb{}\u00bb][\/et_pb_divider][et_pb_text _builder_version=\u00bb4.16&#8243; _module_preset=\u00bbdefault\u00bb text_font=\u00bbMontserrat|600|||||||\u00bb header_font=\u00bbMontserrat|900|||||||\u00bb header_font_size=\u00bb50px\u00bb min_height=\u00bb0px\u00bb custom_padding=\u00bb0px||0px|||\u00bb global_colors_info=\u00bb{}\u00bb]<\/p>\n<h1><span style=\"color: #000000;\">2020<\/span><\/h1>\n<p>[\/et_pb_text][\/et_pb_column][\/et_pb_row][\/et_pb_section][et_pb_section fb_built=\u00bb1&#8243; _builder_version=\u00bb4.16&#8243; _module_preset=\u00bbdefault\u00bb background_enable_image=\u00bboff\u00bb background_size=\u00bbcontain\u00bb background_position=\u00bbtop_center\u00bb custom_padding=\u00bb0px|||||\u00bb background_last_edited=\u00bbon|phone\u00bb global_colors_info=\u00bb{}\u00bb][et_pb_row column_structure=\u00bb2_3,1_3&#8243; _builder_version=\u00bb4.16&#8243; _module_preset=\u00bbdefault\u00bb background_enable_image=\u00bboff\u00bb background_size=\u00bbcontain\u00bb min_height=\u00bb366px\u00bb custom_margin=\u00bb4px|auto||auto||\u00bb custom_padding=\u00bb22px||0px|||\u00bb global_colors_info=\u00bb{}\u00bb][et_pb_column type=\u00bb2_3&#8243; _builder_version=\u00bb4.16&#8243; _module_preset=\u00bbdefault\u00bb global_colors_info=\u00bb{}\u00bb][et_pb_text _builder_version=\u00bb4.16&#8243; _module_preset=\u00bbdefault\u00bb text_font=\u00bbMontserrat||||||||\u00bb text_text_color=\u00bb#245430&#8243; text_font_size=\u00bb20px\u00bb text_line_height=\u00bb1.4em\u00bb text_font_size_tablet=\u00bb18px\u00bb text_font_size_phone=\u00bb16px\u00bb text_font_size_last_edited=\u00bbon|phone\u00bb global_colors_info=\u00bb{}\u00bb]<\/p>\n<h2 style=\"text-align: left;\"><strong><span style=\"color: #000000;\">Pinto mi primera obra <em>\u00abResurrection\u00bb<\/em> llena de significado y sanaci\u00f3n para mi.<\/span><\/strong><\/h2>\n<h2><\/h2>\n<p style=\"text-align: left;\">La llegada de la pandemia del Covid 19, me da toda la fuerza del necesaria para crear mi cuenta de IG y subir mi primera obra con el mundo, pues el significado es especialmente representativo.<\/p>\n<p style=\"text-align: left;\">Sigo aprovechando el periodo de pandemia, para crear una segunda obra abstracta, con pinturas y materiales de casa y el resultado no solo me encanta a mi, sino a mis hijos ( los mayores cr\u00edticos) que me animan a que siga ese sue\u00f1o.<\/p>\n<p style=\"text-align: left;\">[\/et_pb_text][\/et_pb_column][et_pb_column type=\u00bb1_3&#8243; _builder_version=\u00bb4.16&#8243; _module_preset=\u00bbdefault\u00bb global_colors_info=\u00bb{}\u00bb][et_pb_image src=\u00bbhttps:\/\/solsalvatierra.com\/wp-content\/uploads\/2022\/08\/resurrection-cartelillo.jpg\u00bb title_text=\u00bbresurrection cartelillo\u00bb _builder_version=\u00bb4.16&#8243; _module_preset=\u00bbdefault\u00bb global_colors_info=\u00bb{}\u00bb][\/et_pb_image][\/et_pb_column][\/et_pb_row][et_pb_row column_structure=\u00bb1_3,1_3,1_3&#8243; _builder_version=\u00bb4.16&#8243; _module_preset=\u00bbdefault\u00bb background_enable_image=\u00bboff\u00bb background_size=\u00bbcontain\u00bb min_height=\u00bb50px\u00bb custom_margin=\u00bb-3px|auto|-9px|auto||\u00bb custom_padding=\u00bb3px||0px|||\u00bb global_colors_info=\u00bb{}\u00bb][et_pb_column type=\u00bb1_3&#8243; _builder_version=\u00bb4.16&#8243; _module_preset=\u00bbdefault\u00bb global_colors_info=\u00bb{}\u00bb][et_pb_divider color=\u00bb#e58686&#8243; divider_style=\u00bbdotted\u00bb divider_weight=\u00bb3px\u00bb _builder_version=\u00bb4.23.1&#8243; _module_preset=\u00bbdefault\u00bb custom_margin=\u00bb57px||0px|||\u00bb custom_padding=\u00bb29px|56px|0px|||\u00bb hover_enabled=\u00bb0&#8243; global_colors_info=\u00bb{}\u00bb sticky_enabled=\u00bb0&#8243;][\/et_pb_divider][et_pb_text _builder_version=\u00bb4.16&#8243; _module_preset=\u00bbdefault\u00bb text_font=\u00bbMontserrat|600|||||||\u00bb header_font=\u00bbMontserrat|900|||||||\u00bb header_font_size=\u00bb50px\u00bb min_height=\u00bb0px\u00bb custom_padding=\u00bb0px||0px|||\u00bb global_colors_info=\u00bb{}\u00bb]<\/p>\n<h1><span style=\"color: #000000;\">2019<\/span><\/h1>\n<p>[\/et_pb_text][\/et_pb_column][et_pb_column type=\u00bb1_3&#8243; _builder_version=\u00bb4.16&#8243; _module_preset=\u00bbdefault\u00bb global_colors_info=\u00bb{}\u00bb][\/et_pb_column][et_pb_column type=\u00bb1_3&#8243; _builder_version=\u00bb4.16&#8243; _module_preset=\u00bbdefault\u00bb global_colors_info=\u00bb{}\u00bb][\/et_pb_column][\/et_pb_row][et_pb_row column_structure=\u00bb1_3,1_3,1_3&#8243; _builder_version=\u00bb4.16&#8243; _module_preset=\u00bbdefault\u00bb background_enable_image=\u00bboff\u00bb background_size=\u00bbcontain\u00bb width=\u00bb84.4%\u00bb min_height=\u00bb331px\u00bb custom_margin=\u00bb4px|auto|23px|auto||\u00bb custom_padding=\u00bb0px||0px|||\u00bb global_colors_info=\u00bb{}\u00bb][et_pb_column type=\u00bb1_3&#8243; _builder_version=\u00bb4.16&#8243; _module_preset=\u00bbdefault\u00bb global_colors_info=\u00bb{}\u00bb][\/et_pb_column][et_pb_column type=\u00bb1_3&#8243; _builder_version=\u00bb4.16&#8243; _module_preset=\u00bbdefault\u00bb global_colors_info=\u00bb{}\u00bb][et_pb_image src=\u00bbhttps:\/\/solsalvatierra.com\/wp-content\/uploads\/2022\/08\/Barco-a-pique-900.jpg\u00bb title_text=\u00bbBarco a pique 900&#8243; _builder_version=\u00bb4.16&#8243; _module_preset=\u00bbdefault\u00bb global_colors_info=\u00bb{}\u00bb][\/et_pb_image][\/et_pb_column][et_pb_column type=\u00bb1_3&#8243; _builder_version=\u00bb4.16&#8243; _module_preset=\u00bbdefault\u00bb global_colors_info=\u00bb{}\u00bb][et_pb_text _builder_version=\u00bb4.16&#8243; _module_preset=\u00bbdefault\u00bb text_font=\u00bbMontserrat||||||||\u00bb text_text_color=\u00bb#245430&#8243; text_font_size=\u00bb20px\u00bb text_line_height=\u00bb1.4em\u00bb custom_margin=\u00bb-6px|||||\u00bb custom_padding=\u00bb|||0px||\u00bb text_font_size_tablet=\u00bb18px\u00bb text_font_size_phone=\u00bb16px\u00bb text_font_size_last_edited=\u00bbon|phone\u00bb global_colors_info=\u00bb{}\u00bb]<\/p>\n<p style=\"text-align: left;\">\n<h2 style=\"text-align: left;\"><span style=\"color: #000000;\"><strong>Barco a pique. <\/strong><\/span><\/h2>\n<p style=\"text-align: left;\">Tras un a\u00f1o sumamente dif\u00edcil para mi, se gesta la confirmaci\u00f3n de algo que nunca me atrev\u00eda a decir, pero que llevo sintiendo desde que tengo uso de raz\u00f3n.<\/p>\n<p style=\"text-align: left;\"><strong>Soy una artista<\/strong> y tengo que\u00a0 crear y compartirlo con el mundo.<\/p>\n<p>[\/et_pb_text][\/et_pb_column][\/et_pb_row][et_pb_row _builder_version=\u00bb4.16&#8243; _module_preset=\u00bbdefault\u00bb custom_padding=\u00bb0px||0px|||\u00bb global_colors_info=\u00bb{}\u00bb][et_pb_column type=\u00bb4_4&#8243; _builder_version=\u00bb4.16&#8243; _module_preset=\u00bbdefault\u00bb global_colors_info=\u00bb{}\u00bb][et_pb_social_media_follow _builder_version=\u00bb4.16&#8243; _module_preset=\u00bbdefault\u00bb text_orientation=\u00bbcenter\u00bb custom_padding=\u00bb0px|||||\u00bb text_orientation_tablet=\u00bbcenter\u00bb text_orientation_phone=\u00bbcenter\u00bb text_orientation_last_edited=\u00bbon|phone\u00bb global_colors_info=\u00bb{}\u00bb][et_pb_social_media_follow_network social_network=\u00bbinstagram\u00bb _builder_version=\u00bb4.16&#8243; _module_preset=\u00bbdefault\u00bb background_color=\u00bb#ea2c59&#8243; global_colors_info=\u00bb{}\u00bb follow_button=\u00bboff\u00bb url_new_window=\u00bbon\u00bb]instagram[\/et_pb_social_media_follow_network][et_pb_social_media_follow_network social_network=\u00bbfacebook\u00bb _builder_version=\u00bb4.16&#8243; _module_preset=\u00bbdefault\u00bb background_color=\u00bb#3b5998&#8243; global_colors_info=\u00bb{}\u00bb follow_button=\u00bboff\u00bb url_new_window=\u00bbon\u00bb]facebook[\/et_pb_social_media_follow_network][\/et_pb_social_media_follow][\/et_pb_column][\/et_pb_row][\/et_pb_section]<\/p>\n","protected":false},"excerpt":{"rendered":"<p>Step by Step , paso a paso2022Certificado de reconocimiento a la participaci\u00f3n y esfuerzo en Luxembourg Art Prize.\u00a0 Comenzar el a\u00f1o con el certificado de M\u00e9rito Art\u00edstico de La Pinacoth\u00e8que, es una inyecci\u00f3n muy importante de motivaci\u00f3n para continuar el camino 2021Luxembourg Art Prize\u00a0 Presento dos obras al Luxembourg Art Prize 2021 (premio art\u00edstico internacional [&hellip;]<\/p>\n","protected":false},"author":1,"featured_media":0,"parent":0,"menu_order":0,"comment_status":"closed","ping_status":"closed","template":"","meta":{"_et_pb_use_builder":"on","_et_pb_old_content":"","_et_gb_content_width":"","footnotes":""},"class_list":["post-41","page","type-page","status-publish","hentry"],"_links":{"self":[{"href":"https:\/\/solsalvatierra.com\/index.php\/wp-json\/wp\/v2\/pages\/41","targetHints":{"allow":["GET"]}}],"collection":[{"href":"https:\/\/solsalvatierra.com\/index.php\/wp-json\/wp\/v2\/pages"}],"about":[{"href":"https:\/\/solsalvatierra.com\/index.php\/wp-json\/wp\/v2\/types\/page"}],"author":[{"embeddable":true,"href":"https:\/\/solsalvatierra.com\/index.php\/wp-json\/wp\/v2\/users\/1"}],"replies":[{"embeddable":true,"href":"https:\/\/solsalvatierra.com\/index.php\/wp-json\/wp\/v2\/comments?post=41"}],"version-history":[{"count":13,"href":"https:\/\/solsalvatierra.com\/index.php\/wp-json\/wp\/v2\/pages\/41\/revisions"}],"predecessor-version":[{"id":266,"href":"https:\/\/solsalvatierra.com\/index.php\/wp-json\/wp\/v2\/pages\/41\/revisions\/266"}],"wp:attachment":[{"href":"https:\/\/solsalvatierra.com\/index.php\/wp-json\/wp\/v2\/media?parent=41"}],"curies":[{"name":"wp","href":"https:\/\/api.w.org\/{rel}","templated":true}]}}